{"id":10,"date":"2017-03-03T13:14:18","date_gmt":"2017-03-03T13:14:18","guid":{"rendered":"https:\/\/www.karate-thurgau.ch\/?page_id=10"},"modified":"2026-02-08T16:58:19","modified_gmt":"2026-02-08T16:58:19","slug":"team","status":"publish","type":"page","link":"https:\/\/www.karate-thurgau.ch\/?page_id=10","title":{"rendered":"Team"},"content":{"rendered":"\n<table style=\"border-collapse: collapse; width: 100%; height: 1385px;\">\n<tbody>\n<tr style=\"height: 215px;\">\n<td style=\"width: 33.3333%; height: 215px;\">M\u00d6TTELI Roland<\/td>\n<td style=\"width: 33.3333%; height: 215px;\"><img loading=\"lazy\" decoding=\"async\" class=\"alignnone wp-image-2565 size-thumbnail\" src=\"https:\/\/www.karate-thurgau.ch\/wp-content\/uploads\/2022\/11\/Roland-2022-JS-e1667896895512-150x150.jpg\" alt=\"\" width=\"150\" height=\"150\"><\/td>\n<td style=\"width: 33.3333%; height: 215px;\">5. Dan Hanshi<br>Gr\u00fcnder, Schulleiter<br>Oberrat der Dantr\u00e4ger<br>J+S Experte Karate<br>J+S Leiter Kindersport Karate<br>J+S Leiter Judo<br>J+S Coach<br>esa Experte<br>3. Dan Iaido (ZNKR)<br>S\u00f4ke Towado<\/td>\n<\/tr>\n<tr style=\"height: 156px;\">\n<td style=\"width: 33.3333%; height: 156px;\">M\u00d6TTELI Manon<\/td>\n<td style=\"width: 33.3333%; height: 156px;\"><img loading=\"lazy\" decoding=\"async\" class=\"alignnone wp-image-2564 size-thumbnail\" src=\"https:\/\/www.karate-thurgau.ch\/wp-content\/uploads\/2022\/11\/Manon-2022-JS-e1667896841424-150x150.jpg\" alt=\"\" width=\"150\" height=\"150\"><\/td>\n<td style=\"width: 33.3333%; height: 156px;\">5. Dan Hanshi<br>Haupttrainerin, Schulleiterin<br>Oberrat der Dantr\u00e4ger<br>J+S Leiterin Karate<br>J+S Leiterin Kindersport Karate<\/td>\n<\/tr>\n<tr style=\"height: 26px;\">\n<td style=\"width: 33.3333%; height: 26px;\">KOHLER Edith<\/td>\n<td style=\"width: 33.3333%; height: 26px;\"><img loading=\"lazy\" decoding=\"async\" class=\"alignnone wp-image-2562 size-thumbnail\" src=\"https:\/\/www.karate-thurgau.ch\/wp-content\/uploads\/2022\/11\/Edith-2022-JS-e1667896772811-150x150.jpg\" alt=\"\" width=\"150\" height=\"150\"><\/td>\n<td style=\"width: 33.3333%; height: 26px;\">2. Dan &#8211; Fuko Shidoin<br>J+S Leiterin Karate<\/td>\n<\/tr>\n<tr style=\"height: 155px;\">\n<td style=\"width: 33.3333%; height: 155px;\">HUWYLER Silvan<\/td>\n<td style=\"width: 33.3333%; height: 155px;\"><img loading=\"lazy\" decoding=\"async\" class=\"alignnone wp-image-2561 size-thumbnail\" src=\"https:\/\/www.karate-thurgau.ch\/wp-content\/uploads\/2022\/11\/Silvan-2022-JS-e1667896722243-150x150.jpg\" alt=\"\" width=\"150\" height=\"150\"><\/td>\n<td style=\"width: 33.3333%; height: 155px;\">\n<p>1. Dan<br>J+S Leiter Karate (Zusatz Psyche)<\/p>\n<\/td>\n<\/tr>\n<tr style=\"height: 155px;\">\n<td style=\"width: 33.3333%; height: 155px;\">BOSSHART Andrin<\/td>\n<td style=\"width: 33.3333%; height: 155px;\"><img loading=\"lazy\" decoding=\"async\" class=\"alignnone size-thumbnail wp-image-2791\" src=\"https:\/\/www.karate-thurgau.ch\/wp-content\/uploads\/2024\/10\/Andrin-JS-150x150.jpg\" alt=\"\" width=\"150\" height=\"150\"><\/td>\n<td style=\"width: 33.3333%; height: 155px;\">1. Dan<br>J+S Leiter Karate<br><br><\/td>\n<\/tr>\n<tr style=\"height: 155px;\">\n<td style=\"width: 33.3333%; height: 155px;\">KOHLER Vivienne<\/td>\n<td style=\"width: 33.3333%; height: 155px;\"><img loading=\"lazy\" decoding=\"async\" class=\"alignnone wp-image-2560 size-thumbnail\" src=\"https:\/\/www.karate-thurgau.ch\/wp-content\/uploads\/2022\/11\/Vivienne-2022-JS-e1667896666704-150x150.jpg\" alt=\"\" width=\"150\" height=\"150\"><\/td>\n<td style=\"width: 33.3333%; height: 155px;\">1. Dan<br>J+S Leiterin Karate (Zusatz Psyche)<\/td>\n<\/tr>\n<tr style=\"height: 58px;\">\n<td style=\"width: 33.3333%; height: 58px;\">\n<p>MUSKALLA Melissa<\/p>\n<\/td>\n<td style=\"width: 33.3333%; height: 58px;\"><img loading=\"lazy\" decoding=\"async\" class=\"alignnone size-thumbnail wp-image-2798\" src=\"https:\/\/www.karate-thurgau.ch\/wp-content\/uploads\/2024\/11\/Melissa-150x150.jpg\" alt=\"\" width=\"150\" height=\"150\"><\/td>\n<td style=\"width: 33.3333%; height: 58px;\">1. Dan<br>J+S Leiterin Karate<\/td>\n<\/tr>\n<tr style=\"height: 155px;\">\n<td style=\"width: 33.3333%; height: 155px;\">\n<p>ULMSCHNEIDER Georg<\/p>\n<p>&nbsp;<\/p>\n<\/td>\n<td style=\"width: 33.3333%; height: 155px;\"><img loading=\"lazy\" decoding=\"async\" class=\"alignnone size-thumbnail wp-image-2537\" src=\"https:\/\/www.karate-thurgau.ch\/wp-content\/uploads\/2022\/07\/Georg-2022-150x150.jpg\" alt=\"\" width=\"150\" height=\"150\"><\/td>\n<td style=\"width: 33.3333%; height: 155px;\">3. Kyu (Assistent)<\/td>\n<\/tr>\n<tr style=\"height: 155px;\">\n<td style=\"width: 33.3333%; height: 155px;\">W\u00dcRSCH Marco<\/td>\n<td style=\"width: 33.3333%; height: 155px;\"><img loading=\"lazy\" decoding=\"async\" class=\"alignnone size-thumbnail wp-image-2522\" src=\"https:\/\/www.karate-thurgau.ch\/wp-content\/uploads\/2022\/06\/Marco-Wuersch-150x150.jpg\" alt=\"\" width=\"150\" height=\"150\"><\/td>\n<td style=\"width: 33.3333%; height: 155px;\">3. Dan &#8211; Fuko Shidoin<br>Co-Trainer, Stv<br><br>Schulleiter Dojo Winterthur<\/td>\n<\/tr>\n<tr style=\"height: 155px;\">\n<td style=\"width: 33.3333%; height: 155px;\">M\u00d6TTELI C\u00e9line<\/td>\n<td style=\"width: 33.3333%; height: 155px;\"><img loading=\"lazy\" decoding=\"async\" class=\"alignnone wp-image-2558 size-thumbnail\" src=\"https:\/\/www.karate-thurgau.ch\/wp-content\/uploads\/2022\/11\/Celine-Moetteli-JS-scaled-e1667896926511-150x150.jpg\" alt=\"\" width=\"150\" height=\"150\"><\/td>\n<td style=\"width: 33.3333%; height: 155px;\">3. Dan<br>Co-Trainerin, Stv<br>J+S Leiterin Karate<br><br>Schulleiterin Dojo Winterthur<\/td>\n<\/tr>\n<\/tbody>\n<\/table>\n<p>&nbsp;<\/p>\n","protected":false},"excerpt":{"rendered":"<p>M\u00d6TTELI Roland 5. Dan HanshiGr\u00fcnder, SchulleiterOberrat der Dantr\u00e4gerJ+S Experte KarateJ+S Leiter Kindersport KarateJ+S Leiter JudoJ+S Coachesa Experte3. Dan Iaido (ZNKR)S\u00f4ke Towado M\u00d6TTELI Manon 5. Dan HanshiHaupttrainerin, SchulleiterinOberrat der Dantr\u00e4gerJ+S Leiterin KarateJ+S Leiterin Kindersport Karate KOHLER Edith 2. Dan &#8211; Fuko ShidoinJ+S Leiterin Karate HUWYLER Silvan 1. DanJ+S Leiter Karate (Zusatz Psyche) BOSSHART Andrin 1. DanJ+S&hellip;&nbsp;<a href=\"https:\/\/www.karate-thurgau.ch\/?page_id=10\" rel=\"bookmark\">Weiterlesen &raquo;<span class=\"screen-reader-text\">Team<\/span><\/a><\/p>\n","protected":false},"author":1,"featured_media":0,"parent":0,"menu_order":0,"comment_status":"closed","ping_status":"closed","template":"","meta":{"neve_meta_sidebar":"","neve_meta_container":"","neve_meta_enable_content_width":"","neve_meta_content_width":0,"neve_meta_title_alignment":"","neve_meta_author_avatar":"","neve_post_elements_order":"","neve_meta_disable_header":"","neve_meta_disable_footer":"","neve_meta_disable_title":"","ngg_post_thumbnail":0,"footnotes":""},"class_list":["post-10","page","type-page","status-publish","hentry"],"_links":{"self":[{"href":"https:\/\/www.karate-thurgau.ch\/index.php?rest_route=\/wp\/v2\/pages\/10","targetHints":{"allow":["GET"]}}],"collection":[{"href":"https:\/\/www.karate-thurgau.ch\/index.php?rest_route=\/wp\/v2\/pages"}],"about":[{"href":"https:\/\/www.karate-thurgau.ch\/index.php?rest_route=\/wp\/v2\/types\/page"}],"author":[{"embeddable":true,"href":"https:\/\/www.karate-thurgau.ch\/index.php?rest_route=\/wp\/v2\/users\/1"}],"replies":[{"embeddable":true,"href":"https:\/\/www.karate-thurgau.ch\/index.php?rest_route=%2Fwp%2Fv2%2Fcomments&post=10"}],"version-history":[{"count":109,"href":"https:\/\/www.karate-thurgau.ch\/index.php?rest_route=\/wp\/v2\/pages\/10\/revisions"}],"predecessor-version":[{"id":2901,"href":"https:\/\/www.karate-thurgau.ch\/index.php?rest_route=\/wp\/v2\/pages\/10\/revisions\/2901"}],"wp:attachment":[{"href":"https:\/\/www.karate-thurgau.ch\/index.php?rest_route=%2Fwp%2Fv2%2Fmedia&parent=10"}],"curies":[{"name":"wp","href":"https:\/\/api.w.org\/{rel}","templated":true}]}}