{"id":232,"date":"2017-03-05T18:50:48","date_gmt":"2017-03-05T18:50:48","guid":{"rendered":"https:\/\/www.karate-thurgau.ch\/?page_id=232"},"modified":"2019-11-26T09:11:36","modified_gmt":"2019-11-26T09:11:36","slug":"video","status":"publish","type":"page","link":"https:\/\/www.karate-thurgau.ch\/?page_id=232","title":{"rendered":"Video"},"content":{"rendered":"<li>Shozindo-Cup 2019<\/li>\n<iframe loading=\"lazy\" width=\"560\" height=\"315\" src=\"https:\/\/www.youtube.com\/embed\/1jH2BIJXuuM\" frameborder=\"0\" allow=\"accelerometer; autoplay; encrypted-media; gyroscope; picture-in-picture\" allowfullscreen=\"\"><\/iframe>\n \t<li>Sommerlager 2019<\/li>\n<iframe loading=\"lazy\" src=\"https:\/\/www.youtube.com\/embed\/iJy_Rt49dP4?controls=0\" width=\"560\" height=\"315\" frameborder=\"0\" allowfullscreen=\"allowfullscreen\"><\/iframe>\n<ul>\n \t<li style=\"list-style-type: none;\">\n<ul>\n \t<li style=\"list-style-type: none;\">\n<ul>\n \t<li>Japanfest 2018<\/li>\n<\/ul>\n<\/li>\n<\/ul>\n<iframe loading=\"lazy\" src=\"https:\/\/www.youtube.com\/embed\/vi8JF7UXfQ8?rel=0&amp;controls=0\" width=\"560\" height=\"315\" frameborder=\"0\" allowfullscreen=\"allowfullscreen\"><\/iframe>\n<ul>\n \t<li>Sommerlager 2018<\/li>\n<\/ul>\n<\/li>\n<\/ul>\n<iframe loading=\"lazy\" src=\"https:\/\/www.youtube.com\/embed\/Ad23QkdALUA?rel=0&amp;showinfo=0\" width=\"640\" height=\"360\" frameborder=\"0\" allowfullscreen=\"allowfullscreen\"><\/iframe>\n<ul>\n \t<li><strong>25th Anniversary of K\u00f4y\u00f4-Kan<\/strong>\n<ul>\n \t<li>Video vom Budo-Nachmittag\n<iframe loading=\"lazy\" src=\"https:\/\/www.youtube.com\/embed\/UE5FQ7s7Ebw?rel=0&amp;showinfo=0\" width=\"560\" height=\"315\" frameborder=\"0\" allowfullscreen=\"allowfullscreen\"><\/iframe><\/li>\n \t<li>Video vom Abend\n<iframe loading=\"lazy\" src=\"https:\/\/www.youtube.com\/embed\/93ZH0jg0kHY?rel=0&amp;showinfo=0\" width=\"560\" height=\"315\" frameborder=\"0\" allowfullscreen=\"allowfullscreen\"><\/iframe><\/li>\n \t<li>Shozin Shodan Form Jubil\u00e9\n<iframe loading=\"lazy\" src=\"https:\/\/www.youtube.com\/embed\/suo5RbvnUT4?rel=0&amp;showinfo=0\" width=\"560\" height=\"315\" frameborder=\"0\" allowfullscreen=\"allowfullscreen\"><\/iframe><\/li>\n \t<li>Project25\n<iframe loading=\"lazy\" src=\"https:\/\/www.youtube.com\/embed\/5Swm5d2MZyk?rel=0&amp;showinfo=0\" width=\"560\" height=\"315\" frameborder=\"0\" allowfullscreen=\"allowfullscreen\"><\/iframe><\/li>\n<\/ul>\n<\/li>\n \t<li>Japanisch z\u00e4hlen<div style=\"width: 854px;\" class=\"wp-video\"><video class=\"wp-video-shortcode\" id=\"video-232-1\" width=\"854\" height=\"480\" preload=\"metadata\" controls=\"controls\"><source type=\"video\/mp4\" src=\"https:\/\/www.karate-thurgau.ch\/wp-content\/uploads\/2017\/03\/japanisch-z\u00e4hlen.mp4?_=1\" \/><a href=\"https:\/\/www.karate-thurgau.ch\/wp-content\/uploads\/2017\/03\/japanisch-z\u00e4hlen.mp4\">https:\/\/www.karate-thurgau.ch\/wp-content\/uploads\/2017\/03\/japanisch-z\u00e4hlen.mp4<\/a><\/video><\/div><\/li>\n \t<li>Gurt binden<div style=\"width: 854px;\" class=\"wp-video\"><video class=\"wp-video-shortcode\" id=\"video-232-2\" width=\"854\" height=\"480\" preload=\"metadata\" controls=\"controls\"><source type=\"video\/mp4\" src=\"https:\/\/www.karate-thurgau.ch\/wp-content\/uploads\/2017\/03\/Gurt-binden.mp4?_=2\" \/><a href=\"https:\/\/www.karate-thurgau.ch\/wp-content\/uploads\/2017\/03\/Gurt-binden.mp4\">https:\/\/www.karate-thurgau.ch\/wp-content\/uploads\/2017\/03\/Gurt-binden.mp4<\/a><\/video><\/div><\/li>\n \t<li>Randoris\n<ul>\n \t<li>Ippon Kumite Shodan &#8211; Kawashi no Kata\n<iframe loading=\"lazy\" src=\"https:\/\/www.youtube.com\/embed\/oSxiZmHj16k?rel=0\" width=\"560\" height=\"315\" frameborder=\"0\" allowfullscreen=\"allowfullscreen\"><\/iframe><\/li>\n \t<li>Ippon Kumite Nidan &#8211; Kawashi no Kata\n<iframe loading=\"lazy\" src=\"https:\/\/www.youtube.com\/embed\/KjYuM52zOjE?rel=0\" width=\"560\" height=\"315\" frameborder=\"0\" allowfullscreen=\"allowfullscreen\"><\/iframe><\/li>\n \t<li>Gakushu &#8211; Tsuki no Kata\n<iframe loading=\"lazy\" src=\"https:\/\/www.youtube.com\/embed\/U4JBlkhDtE0?rel=0\" width=\"560\" height=\"315\" frameborder=\"0\" allowfullscreen=\"allowfullscreen\"><\/iframe><\/li>\n \t<li>Gakushu &#8211; Irimi no Kata\n<iframe loading=\"lazy\" src=\"https:\/\/www.youtube.com\/embed\/_RxHI2-MOzs?rel=0\" width=\"560\" height=\"315\" frameborder=\"0\" allowfullscreen=\"allowfullscreen\"><\/iframe><\/li>\n<\/ul>\n<\/li>\n \t<li>Weiterbildungen 2017\n<ul>\n \t<li><iframe loading=\"lazy\" src=\"https:\/\/www.youtube.com\/embed\/UhG1CQQGR3A\" width=\"560\" height=\"315\" frameborder=\"0\" allowfullscreen=\"allowfullscreen\"><\/iframe><\/li>\n \t<li><iframe loading=\"lazy\" src=\"https:\/\/www.youtube.com\/embed\/U7cx9y2kg74\" width=\"560\" height=\"315\" frameborder=\"0\" allowfullscreen=\"allowfullscreen\"><\/iframe><\/li>\n \t<li><iframe loading=\"lazy\" src=\"https:\/\/www.youtube.com\/embed\/2oTjYezt6C4?rel=0\" width=\"560\" height=\"315\" frameborder=\"0\" allowfullscreen=\"allowfullscreen\"><\/iframe><\/li>\n<\/ul>\n<\/li>\n \t<li>Weiterbildungen 2016\n<ul>\n \t<li><iframe loading=\"lazy\" src=\"https:\/\/www.youtube.com\/embed\/xBw7swgr4M0\" width=\"560\" height=\"315\" frameborder=\"0\" allowfullscreen=\"allowfullscreen\"><\/iframe><\/li>\n \t<li><iframe loading=\"lazy\" src=\"https:\/\/www.youtube.com\/embed\/ISgOUoQf5bY\" width=\"560\" height=\"315\" frameborder=\"0\" allowfullscreen=\"allowfullscreen\"><\/iframe><\/li>\n \t<li><iframe loading=\"lazy\" src=\"https:\/\/www.youtube.com\/embed\/4ApD7RsbHx4\" width=\"560\" height=\"315\" frameborder=\"0\" allowfullscreen=\"allowfullscreen\"><\/iframe><\/li>\n<\/ul>\n<\/li>\n \t<li>Kata\n<ul>\n \t<li><a href=\"https:\/\/www.youtube.com\/watch?v=LVgatEuK5dw\" target=\"_blank\" rel=\"noopener noreferrer\"><iframe loading=\"lazy\" src=\"https:\/\/www.youtube.com\/embed\/LVgatEuK5dw\" width=\"560\" height=\"315\" frameborder=\"0\" allowfullscreen=\"allowfullscreen\"><\/iframe><\/a><\/li>\n \t<li><a href=\"https:\/\/www.youtube.com\/watch?v=10Y_tipl1Js\" target=\"_blank\" rel=\"noopener noreferrer\">Shozin Nidan form Bunkai<\/a><\/li>\n \t<li><a href=\"https:\/\/www.youtube.com\/watch?v=oB-hlFYqEiw\" target=\"_blank\" rel=\"noopener noreferrer\">Kata Meisterschaft 2016<\/a><\/li>\n \t<li><a href=\"https:\/\/www.youtube.com\/watch?v=gtLRovJw5vI\" target=\"_blank\" rel=\"noopener noreferrer\">Kata Meisterschaft 2015<\/a><\/li>\n \t<li><a href=\"https:\/\/www.youtube.com\/watch?v=Gux-Ya--rSU\" target=\"_blank\" rel=\"noopener noreferrer\">Shozin Yondan form Bunkai<\/a><\/li>\n<\/ul>\n<\/li>\n<\/ul>\n<!-- \/wp:post-content -->","protected":false},"excerpt":{"rendered":"<p>Shozindo-Cup 2019 Sommerlager 2019 Japanfest 2018 Sommerlager 2018 25th Anniversary of K\u00f4y\u00f4-Kan Video vom Budo-Nachmittag Video vom Abend Shozin Shodan Form Jubil\u00e9 Project25 Japanisch z\u00e4hlen Gurt binden Randoris Ippon Kumite Shodan &#8211; Kawashi no Kata Ippon Kumite Nidan &#8211; Kawashi no Kata Gakushu &#8211; Tsuki no Kata Gakushu &#8211; Irimi no Kata Weiterbildungen 2017 Weiterbildungen&hellip;&nbsp;<a href=\"https:\/\/www.karate-thurgau.ch\/?page_id=232\" rel=\"bookmark\">Weiterlesen &raquo;<span class=\"screen-reader-text\">Video<\/span><\/a><\/p>\n","protected":false},"author":1,"featured_media":0,"parent":0,"menu_order":0,"comment_status":"closed","ping_status":"closed","template":"","meta":{"neve_meta_sidebar":"","neve_meta_container":"","neve_meta_enable_content_width":"","neve_meta_content_width":0,"neve_meta_title_alignment":"","neve_meta_author_avatar":"","neve_post_elements_order":"","neve_meta_disable_header":"","neve_meta_disable_footer":"","neve_meta_disable_title":"","ngg_post_thumbnail":0,"footnotes":""},"class_list":["post-232","page","type-page","status-publish","hentry"],"_links":{"self":[{"href":"https:\/\/www.karate-thurgau.ch\/index.php?rest_route=\/wp\/v2\/pages\/232","targetHints":{"allow":["GET"]}}],"collection":[{"href":"https:\/\/www.karate-thurgau.ch\/index.php?rest_route=\/wp\/v2\/pages"}],"about":[{"href":"https:\/\/www.karate-thurgau.ch\/index.php?rest_route=\/wp\/v2\/types\/page"}],"author":[{"embeddable":true,"href":"https:\/\/www.karate-thurgau.ch\/index.php?rest_route=\/wp\/v2\/users\/1"}],"replies":[{"embeddable":true,"href":"https:\/\/www.karate-thurgau.ch\/index.php?rest_route=%2Fwp%2Fv2%2Fcomments&post=232"}],"version-history":[{"count":24,"href":"https:\/\/www.karate-thurgau.ch\/index.php?rest_route=\/wp\/v2\/pages\/232\/revisions"}],"predecessor-version":[{"id":2204,"href":"https:\/\/www.karate-thurgau.ch\/index.php?rest_route=\/wp\/v2\/pages\/232\/revisions\/2204"}],"wp:attachment":[{"href":"https:\/\/www.karate-thurgau.ch\/index.php?rest_route=%2Fwp%2Fv2%2Fmedia&parent=232"}],"curies":[{"name":"wp","href":"https:\/\/api.w.org\/{rel}","templated":true}]}}