{"id":2476,"date":"2021-09-27T13:26:50","date_gmt":"2021-09-27T13:26:50","guid":{"rendered":"https:\/\/www.karate-thurgau.ch\/?page_id=2476"},"modified":"2021-09-27T13:26:51","modified_gmt":"2021-09-27T13:26:51","slug":"pruefungsblaetter","status":"publish","type":"page","link":"https:\/\/www.karate-thurgau.ch\/?page_id=2476","title":{"rendered":"Pr\u00fcfungsbl\u00e4tter"},"content":{"rendered":"\n<p><a href=\"https:\/\/www.karate-thurgau.ch\/wp-content\/uploads\/2021\/09\/Hilfsblatt-fuer-Pruefungen-10-und-9-Kyu-1.pdf\" target=\"_blank\" rel=\"noopener\">Hilfsblatt f\u00fcr Pr\u00fcfungen 10 und 9 Kyu<\/a><\/p>\n<p><a href=\"https:\/\/www.karate-thurgau.ch\/wp-content\/uploads\/2021\/09\/Hilfsblatt-fuer-Pruefungen-8-und-7-Kyu.pdf\" target=\"_blank\" rel=\"noopener\">Hilfsblatt f\u00fcr Pr\u00fcfungen 8 und 7 Kyu<\/a><\/p>\n<p><a href=\"https:\/\/www.karate-thurgau.ch\/wp-content\/uploads\/2021\/09\/Hilfsblatt-fuer-Pruefungen-6-und-5-Kyu.pdf\" target=\"_blank\" rel=\"noopener\">Hilfsblatt f\u00fcr Pr\u00fcfungen 6 und 5 Kyu<\/a><\/p>\n<p><a href=\"https:\/\/www.karate-thurgau.ch\/wp-content\/uploads\/2021\/09\/Hilfsblatt-fuer-Pruefungen-4-und-3-Kyu.pdf\" target=\"_blank\" rel=\"noopener\">Hilfsblatt f\u00fcr Pr\u00fcfungen 4 und 3 Kyu<\/a><\/p>\n","protected":false},"excerpt":{"rendered":"<p>Hilfsblatt f\u00fcr Pr\u00fcfungen 10 und 9 Kyu Hilfsblatt f\u00fcr Pr\u00fcfungen 8 und 7 Kyu Hilfsblatt f\u00fcr Pr\u00fcfungen 6 und 5 Kyu Hilfsblatt f\u00fcr Pr\u00fcfungen 4 und 3 Kyu<\/p>\n","protected":false},"author":2,"featured_media":0,"parent":0,"menu_order":0,"comment_status":"closed","ping_status":"closed","template":"","meta":{"neve_meta_sidebar":"full-width","neve_meta_container":"","neve_meta_enable_content_width":"on","neve_meta_content_width":100,"neve_meta_title_alignment":"","neve_meta_author_avatar":"","neve_post_elements_order":"","neve_meta_disable_header":"","neve_meta_disable_footer":"","neve_meta_disable_title":"","ngg_post_thumbnail":0,"footnotes":""},"class_list":["post-2476","page","type-page","status-publish","hentry"],"_links":{"self":[{"href":"https:\/\/www.karate-thurgau.ch\/index.php?rest_route=\/wp\/v2\/pages\/2476","targetHints":{"allow":["GET"]}}],"collection":[{"href":"https:\/\/www.karate-thurgau.ch\/index.php?rest_route=\/wp\/v2\/pages"}],"about":[{"href":"https:\/\/www.karate-thurgau.ch\/index.php?rest_route=\/wp\/v2\/types\/page"}],"author":[{"embeddable":true,"href":"https:\/\/www.karate-thurgau.ch\/index.php?rest_route=\/wp\/v2\/users\/2"}],"replies":[{"embeddable":true,"href":"https:\/\/www.karate-thurgau.ch\/index.php?rest_route=%2Fwp%2Fv2%2Fcomments&post=2476"}],"version-history":[{"count":1,"href":"https:\/\/www.karate-thurgau.ch\/index.php?rest_route=\/wp\/v2\/pages\/2476\/revisions"}],"predecessor-version":[{"id":2481,"href":"https:\/\/www.karate-thurgau.ch\/index.php?rest_route=\/wp\/v2\/pages\/2476\/revisions\/2481"}],"wp:attachment":[{"href":"https:\/\/www.karate-thurgau.ch\/index.php?rest_route=%2Fwp%2Fv2%2Fmedia&parent=2476"}],"curies":[{"name":"wp","href":"https:\/\/api.w.org\/{rel}","templated":true}]}}