{"id":41,"date":"2017-03-03T13:49:37","date_gmt":"2017-03-03T13:49:37","guid":{"rendered":"https:\/\/www.karate-thurgau.ch\/?page_id=41"},"modified":"2026-01-08T09:26:56","modified_gmt":"2026-01-08T09:26:56","slug":"infos","status":"publish","type":"page","link":"https:\/\/www.karate-thurgau.ch\/?page_id=41","title":{"rendered":"Beitr\u00e4ge"},"content":{"rendered":"\n<h6 class=\"wp-block-heading\">Wir bieten t\u00e4gliche Kurse an. Bitte nehmen Sie mit uns Kontakt auf und wir werden die passende Lektion finden.<\/h6>\n\n\n<p><a href=\"https:\/\/www.karate-thurgau.ch\/wp-content\/uploads\/2018\/01\/Dojo.jpg\" target=\"_blank\" rel=\"noopener noreferrer\"><img loading=\"lazy\" decoding=\"async\" class=\"alignnone wp-image-1398 size-medium\" src=\"https:\/\/www.karate-thurgau.ch\/wp-content\/uploads\/2018\/01\/Dojo-300x200.jpg\" alt=\"\" width=\"300\" height=\"200\" srcset=\"https:\/\/www.karate-thurgau.ch\/wp-content\/uploads\/2018\/01\/Dojo-300x200.jpg 300w, https:\/\/www.karate-thurgau.ch\/wp-content\/uploads\/2018\/01\/Dojo-768x512.jpg 768w, https:\/\/www.karate-thurgau.ch\/wp-content\/uploads\/2018\/01\/Dojo.jpg 1000w\" sizes=\"auto, (max-width: 300px) 100vw, 300px\" \/><\/a><\/p>\n<p>Semester-Beitr\u00e4ge (Feb &#8211; Jul, Aug &#8211; Jan)<\/p>\n<table style=\"width: 80.08175559380379%; height: 234px;\">\n<tbody>\n<tr style=\"height: 52px;\">\n<td style=\"width: 315px; height: 52px;\">\n<p>Kinder<br><span style=\"font-size: 12pt;\">Verbandsbeitrag (j\u00e4hrlich)<\/span><\/p>\n<\/td>\n<td style=\"width: 252px; height: 52px;\">\n<p>CHF 230.&#8211;<br><span style=\"font-size: 12pt;\">CHF&nbsp; &nbsp;20.&#8211;<\/span><\/p>\n<\/td>\n<\/tr>\n<tr style=\"height: 52px;\">\n<td style=\"width: 315px; height: 52px;\">\n<p>Jugendliche\/Lehrlinge\/Studenten\/AHV\/IV<br><span style=\"font-size: 12pt;\">Verbandsbeitrag (j\u00e4hrlich)<\/span><\/p>\n<\/td>\n<td style=\"width: 252px; height: 52px;\">\n<p>CHF 280.&#8211;<br><span style=\"font-size: 12pt;\">CHF&nbsp; &nbsp;50.&#8211;<\/span><\/p>\n<\/td>\n<\/tr>\n<tr style=\"height: 52px;\">\n<td style=\"width: 315px; height: 52px;\">\n<p>Erwachsene<br><span style=\"font-size: 12pt;\">Verbandsbeitrag (j\u00e4hrlich)<\/span><\/p>\n<\/td>\n<td style=\"width: 252px; height: 52px;\">\n<p>CHF 350.&#8211;<br><span style=\"font-size: 12pt;\">CHF&nbsp; &nbsp;50.&#8211;<\/span><\/p>\n<\/td>\n<\/tr>\n<tr style=\"height: 78px;\">\n<td style=\"width: 315px; height: 78px;\">Rabatt bei mehreren Mitgliedern aus dem gleichen Haushalt (gilt f\u00fcr Kinder + Erwachsene)<\/td>\n<td style=\"width: 252px; height: 78px;\">&nbsp;<\/td>\n<\/tr>\n<\/tbody>\n<\/table>\n<p>Die <strong>Kinderlektionen<\/strong> fallen w\u00e4hrend allen&nbsp;<a href=\"https:\/\/www.vsge.ch\/web\/cms.php?open=ferienplan\">Schulferien<\/a> aus.<br>Die <strong>Erwachsenenlektionen<\/strong> fallen nur in den <strong>Sommer<\/strong>&#8211; und <strong>Weihnachtsferien<\/strong> aus.<\/p>\n<p>&nbsp;<\/p>\n<p>&nbsp;<\/p>\n<p>&nbsp;<\/p>","protected":false},"excerpt":{"rendered":"<p>Wir bieten t\u00e4gliche Kurse an. Bitte nehmen Sie mit uns Kontakt auf und wir werden die passende Lektion finden. Semester-Beitr\u00e4ge (Feb &#8211; Jul, Aug &#8211; Jan) KinderVerbandsbeitrag (j\u00e4hrlich) CHF 230.&#8211;CHF&nbsp; &nbsp;20.&#8211; Jugendliche\/Lehrlinge\/Studenten\/AHV\/IVVerbandsbeitrag (j\u00e4hrlich) CHF 280.&#8211;CHF&nbsp; &nbsp;50.&#8211; ErwachseneVerbandsbeitrag (j\u00e4hrlich) CHF 350.&#8211;CHF&nbsp; &nbsp;50.&#8211; Rabatt bei mehreren Mitgliedern aus dem gleichen Haushalt (gilt f\u00fcr Kinder + Erwachsene) &nbsp;&hellip;&nbsp;<a href=\"https:\/\/www.karate-thurgau.ch\/?page_id=41\" rel=\"bookmark\">Weiterlesen &raquo;<span class=\"screen-reader-text\">Beitr\u00e4ge<\/span><\/a><\/p>\n","protected":false},"author":1,"featured_media":0,"parent":0,"menu_order":0,"comment_status":"closed","ping_status":"closed","template":"","meta":{"neve_meta_sidebar":"","neve_meta_container":"","neve_meta_enable_content_width":"","neve_meta_content_width":0,"neve_meta_title_alignment":"","neve_meta_author_avatar":"","neve_post_elements_order":"","neve_meta_disable_header":"","neve_meta_disable_footer":"","neve_meta_disable_title":"","ngg_post_thumbnail":0,"footnotes":""},"class_list":["post-41","page","type-page","status-publish","hentry"],"_links":{"self":[{"href":"https:\/\/www.karate-thurgau.ch\/index.php?rest_route=\/wp\/v2\/pages\/41","targetHints":{"allow":["GET"]}}],"collection":[{"href":"https:\/\/www.karate-thurgau.ch\/index.php?rest_route=\/wp\/v2\/pages"}],"about":[{"href":"https:\/\/www.karate-thurgau.ch\/index.php?rest_route=\/wp\/v2\/types\/page"}],"author":[{"embeddable":true,"href":"https:\/\/www.karate-thurgau.ch\/index.php?rest_route=\/wp\/v2\/users\/1"}],"replies":[{"embeddable":true,"href":"https:\/\/www.karate-thurgau.ch\/index.php?rest_route=%2Fwp%2Fv2%2Fcomments&post=41"}],"version-history":[{"count":34,"href":"https:\/\/www.karate-thurgau.ch\/index.php?rest_route=\/wp\/v2\/pages\/41\/revisions"}],"predecessor-version":[{"id":2898,"href":"https:\/\/www.karate-thurgau.ch\/index.php?rest_route=\/wp\/v2\/pages\/41\/revisions\/2898"}],"wp:attachment":[{"href":"https:\/\/www.karate-thurgau.ch\/index.php?rest_route=%2Fwp%2Fv2%2Fmedia&parent=41"}],"curies":[{"name":"wp","href":"https:\/\/api.w.org\/{rel}","templated":true}]}}